{"id":24,"date":"2016-05-12T16:27:54","date_gmt":"2016-05-12T14:27:54","guid":{"rendered":"http:\/\/ivanbruna.it\/?page_id=24"},"modified":"2021-03-23T18:37:21","modified_gmt":"2021-03-23T17:37:21","slug":"laboratorio","status":"publish","type":"page","link":"https:\/\/ivanbruna.it\/it\/laboratorio\/","title":{"rendered":"Laboratorio"},"content":{"rendered":"<h2>Legni e materiali<\/h2>\n<p>Tutti i materiali sono selezionati in modo da offrire al chitarrista il miglior risultato sonoro.<\/p>\n<p>In una prima fase seleziono i legni per le loro caratteristiche fisiche controllandone il peso specifico, la disposizione delle venature, l&#8217;elasticit\u00e0 e la conducibilit\u00e0 sonora.<\/p>\n<p>Dopo il giusto periodo di stagionatura effettuo una seconda cernita &#8220;eleggendo&#8221; le tavole migliori a livello funzionale ed estetico.<\/p>\n<p>Al momento dell&#8217;ultima scelta, quella decisiva, aggiungo la mia sensibilit\u00e0, il mio istinto e la mia esperienza.<br \/>\nEssi sono esclusivi ed essenziali per poter offrire i migliori legni per il progetto che voglio realizzare e per le esigenze del musicista.<\/p>\n<h2>Tecniche costruttive<\/h2>\n<p>Si tende erroneamente a pensare che un prodotto realizzato a macchina o addirittura sotto il controllo di un software, sia pi\u00f9 preciso di un lavoro &#8220;fatto a mano&#8221;.<br \/>\nSulla logica dei grandi numeri questo pu\u00f2 essere vero, ma nell&#8217;ambito artigianale, soprattutto con un materiale cos\u00ec disomogeneo come il legno, il fattore che rende vincenti \u00e8 il controllo del prodotto.<br \/>\nQuindi per venire incontro alle esigenze personali del cliente, ogni singolo pezzo delle mie chitarre \u00e8 innanzitutto pensato e progettato per far parte di un&#8217;unica chitarra.<\/p>\n<figure id=\"attachment_683\" aria-describedby=\"caption-attachment-683\" style=\"width: 740px\" class=\"wp-caption alignleft\"><img loading=\"lazy\" decoding=\"async\" class=\"size-full wp-image-683\" src=\"https:\/\/ivanbruna.it\/wp-content\/uploads\/2017\/05\/ivan_bruna-piegatura_fasce.jpg\" alt=\"Fase di piegatura delle fasce della chitarra\" width=\"740\" height=\"493\" \/><figcaption id=\"caption-attachment-683\" class=\"wp-caption-text\">Fase di piegatura delle fasce della chitarra<\/figcaption><\/figure>\n<p>Durante la lavorazione sottopongo i pezzi delle chitarre a continui controlli per garantire il massimo della precisione e durevolezza.<\/p>\n<p>Controllo inoltre costantemente il grado di umidit\u00e0 relativa del mio laboratorio per mantenere inalterate le caratteristiche dei legni e per garantire solidit\u00e0 allo strumento.<\/p>\n<figure id=\"attachment_691\" aria-describedby=\"caption-attachment-691\" style=\"width: 740px\" class=\"wp-caption alignleft\"><img loading=\"lazy\" decoding=\"async\" class=\"size-full wp-image-691\" src=\"https:\/\/ivanbruna.it\/wp-content\/uploads\/2017\/05\/ivan_bruna_cassa-fondo.jpg\" alt=\"Fase di asssemblaggio della cassa armonica\" width=\"740\" height=\"493\" \/><figcaption id=\"caption-attachment-691\" class=\"wp-caption-text\">Fase di asssemblaggio della cassa armonica<\/figcaption><\/figure>\n<p>Niente \u00e8 lasciato al caso dal progetto al suono.<br \/>\nLe tecniche costruttive sono quelle pi\u00f9 tradizionali, quelle &#8220;di una volta&#8221; tramandate di bottega in bottega, di mano in mano.<\/p>\n<p>Anche la verniciatura \u00e8 naturale e tradizionale: la gomma lacca, data elegantemente a tampone, valorizza le venature del legno e impreziosisce lo strumento.<\/p>\n","protected":false},"excerpt":{"rendered":"<p>Le tecniche costruttive sono quelle pi\u00f9 tradizionali, quelle &#8220;di una volta&#8221;&#8230;<\/p>\n","protected":false},"author":1,"featured_media":99,"parent":0,"menu_order":0,"comment_status":"closed","ping_status":"closed","template":"","meta":{"spay_email":"","footnotes":""},"_links":{"self":[{"href":"https:\/\/ivanbruna.it\/it\/wp-json\/wp\/v2\/pages\/24"}],"collection":[{"href":"https:\/\/ivanbruna.it\/it\/wp-json\/wp\/v2\/pages"}],"about":[{"href":"https:\/\/ivanbruna.it\/it\/wp-json\/wp\/v2\/types\/page"}],"author":[{"embeddable":true,"href":"https:\/\/ivanbruna.it\/it\/wp-json\/wp\/v2\/users\/1"}],"replies":[{"embeddable":true,"href":"https:\/\/ivanbruna.it\/it\/wp-json\/wp\/v2\/comments?post=24"}],"version-history":[{"count":20,"href":"https:\/\/ivanbruna.it\/it\/wp-json\/wp\/v2\/pages\/24\/revisions"}],"predecessor-version":[{"id":859,"href":"https:\/\/ivanbruna.it\/it\/wp-json\/wp\/v2\/pages\/24\/revisions\/859"}],"wp:featuredmedia":[{"embeddable":true,"href":"https:\/\/ivanbruna.it\/it\/wp-json\/wp\/v2\/media\/99"}],"wp:attachment":[{"href":"https:\/\/ivanbruna.it\/it\/wp-json\/wp\/v2\/media?parent=24"}],"curies":[{"name":"wp","href":"https:\/\/api.w.org\/{rel}","templated":true}]}}