{"id":20,"date":"2016-05-12T15:59:31","date_gmt":"2016-05-12T13:59:31","guid":{"rendered":"http:\/\/ivanbruna.it\/?page_id=20"},"modified":"2021-03-23T18:32:42","modified_gmt":"2021-03-23T17:32:42","slug":"chitarre","status":"publish","type":"page","link":"https:\/\/ivanbruna.it\/it\/chitarre\/","title":{"rendered":"Chitarre"},"content":{"rendered":"<p><img loading=\"lazy\" decoding=\"async\" class=\"alignleft size-full wp-image-777\" src=\"https:\/\/ivanbruna.it\/wp-content\/uploads\/2016\/05\/chitarra_360_ivan_bruna.jpg\" alt=\"chitarra 360 Ivan Bruna\" width=\"739\" height=\"336\" \/><\/p>\n<p>Quando ho concepito questo modello di chitarra, ho voluto mettere il chitarrista al centro del progetto. Ho voluto risolvere alcune problematiche legate al suonare la chitarra, offrendo un vero  e proprio &#8220;strumento&#8221; di lavoro.<\/p>\n<p>Per facilitare il musicista nello studio, nella ricerca espressiva e nella performance dal vivo ho raggiunto una chitarra:<\/p>\n<ul>\n<li><a href=\"#piufacile\">pi\u00f9 facile<\/a><\/li>\n<li><a href=\"#piuaffidabile\">pi\u00f9 affidabile<\/a><\/li>\n<li><a href=\"#piuversatile\">pi\u00f9 versatile<\/a><\/li>\n<\/ul>\n<h2 id=\"#piufacile\">Pi\u00f9 facile<\/h2>\n<p>Le corde appaiono pi\u00f9 morbide sia per la mano destra che per la mano sinistra. La struttura del progetto e il modo unico in cui costruisco, offrono maggiore comodit\u00e0 e minore affaticamento.<\/p>\n<p>I cantini nella loro lunghezza hanno una estrema omogeneit\u00e0 timbrica. Conservano il loro carattere e cantabilit\u00e0 anche nelle note pi\u00f9 alte, dove spesso il suono diventa sottile ed instabile, aumentando cos\u00ec il controllo da parte del musicista.<\/p>\n<h2 id=\"#piuaffidabile\">Pi\u00f9 affidabile<\/h2>\n<p>Con questo mio progetto posso offrire una chitarra estremamente bilanciata tra bassi e e cantini.<\/p>\n<p>Inoltre grazie alla sensibilit\u00e0 con cui rendo elastica la struttura dello strumento e della tavola armonica, riesco ad ottenere un sistema di azione della corda e reazione della tavola armonica estremamente sensibile. In questo modo il chitarrista pu\u00f2 avere la massima definizione del suono anche nel piano e ampia potenza nel forte. Inoltre questo sistema rende il suono malleabile e coinvolgente.<\/p>\n<h2 id=\"#piuversatile\">Pi\u00f9 versatile<\/h2>\n<p>Il chitarrista pu\u00f2 usufruire di una pi\u00f9 ampia gamma timbrica, grazie al suono completo e pi\u00f9 ricco di armoniche.  Pu\u00f2 utilizzare questo strumento per un repertorio pi\u00f9 ampio grazie al suo adattamento a pi\u00f9 stili, anche nelle alte performance.<\/p>\n","protected":false},"excerpt":{"rendered":"<p><cite>La chitarra fa piangere i sogni.<\/cite><br \/>\nFederico Garc\u00eda Lorca<\/p>\n","protected":false},"author":1,"featured_media":594,"parent":0,"menu_order":0,"comment_status":"closed","ping_status":"closed","template":"","meta":{"spay_email":"","footnotes":""},"_links":{"self":[{"href":"https:\/\/ivanbruna.it\/it\/wp-json\/wp\/v2\/pages\/20"}],"collection":[{"href":"https:\/\/ivanbruna.it\/it\/wp-json\/wp\/v2\/pages"}],"about":[{"href":"https:\/\/ivanbruna.it\/it\/wp-json\/wp\/v2\/types\/page"}],"author":[{"embeddable":true,"href":"https:\/\/ivanbruna.it\/it\/wp-json\/wp\/v2\/users\/1"}],"replies":[{"embeddable":true,"href":"https:\/\/ivanbruna.it\/it\/wp-json\/wp\/v2\/comments?post=20"}],"version-history":[{"count":13,"href":"https:\/\/ivanbruna.it\/it\/wp-json\/wp\/v2\/pages\/20\/revisions"}],"predecessor-version":[{"id":855,"href":"https:\/\/ivanbruna.it\/it\/wp-json\/wp\/v2\/pages\/20\/revisions\/855"}],"wp:featuredmedia":[{"embeddable":true,"href":"https:\/\/ivanbruna.it\/it\/wp-json\/wp\/v2\/media\/594"}],"wp:attachment":[{"href":"https:\/\/ivanbruna.it\/it\/wp-json\/wp\/v2\/media?parent=20"}],"curies":[{"name":"wp","href":"https:\/\/api.w.org\/{rel}","templated":true}]}}