{"id":24,"date":"2016-05-12T16:27:54","date_gmt":"2016-05-12T14:27:54","guid":{"rendered":"http:\/\/ivanbruna.it\/?page_id=24"},"modified":"2021-03-23T18:37:21","modified_gmt":"2021-03-23T17:37:21","slug":"laboratorio","status":"publish","type":"page","link":"https:\/\/ivanbruna.it\/de\/laboratorio\/","title":{"rendered":"Die Werkstatt"},"content":{"rendered":"<h2>H\u00f6lzer und Materialien <\/h2>\n<p>S\u00e4mtliche H\u00f6lzer und Materialien werden derartig ausgew\u00e4hlt, sodass dem Gitarristen die beste Klangwirkung geboten werden kann.<\/p>\n<p>In der ersten Phase w\u00e4hle ich die H\u00f6lzer aufgrund von ihren physischen Eigenschaften aus, indem ich ihr spezifisches Gewicht, die Anordnung der Maserungen, die Elastizit\u00e4t und die Klangleitf\u00e4higkeit kontrolliere.<\/p>\n<p>Nach einer angemessenen Ablagerungszeit nehme ich eine zweite Sortierung vor und &#8222;erw\u00e4hle&#8220; die besten Bretter hinsichtlich der Zweckm\u00e4\u00dfigkeit und \u00c4sthetik.<\/p>\n<p>Zur Zeit der letzten Auswahl, der entscheidenden, f\u00fcge ich meine Empfindsamkeit, meinen Instinkt und meine Erfahrung hinzu.<br \/>\nDiese sind exklusiv und wesentlich, um die besten H\u00f6lzer sowohl f\u00fcr das Projekt, das ich realisieren will, als auch f\u00fcr die Anspr\u00fcche des Musikers auszufinden.<\/p>\n<h2>Bautechnik<\/h2>\n<p>Man neigt irrt\u00fcmlich dazu, zu glauben, dass ein maschinell oder sogar ein  unter Softwarekontrolle gefertigtes Produkt pr\u00e4ziser als ein &#8222;handgemachtes\u201c sei.<br \/>\nAnhand der Logik der gro\u00dfen Zahlen k\u00f6nnte das auch stimmen, aber im Rahmen der Handwerksarbeit, besonders  bei der Benutzung eines  \u00e4u\u00dferst inhomogenen Materials wie das Holz, ist die pers\u00f6nliche Kontrolle des Produkts der erfolgreiche Faktor.<br \/>\nUm den pers\u00f6nlichen Forderungen des Kunden nachzukommen, ist daher jedes einzelne St\u00fcck meiner Gitarren vor allem so ausgedacht und entworfen, dass es einer einzigen Gitarre angeh\u00f6ren soll.<\/p>\n<figure id=\"attachment_683\" aria-describedby=\"caption-attachment-683\" style=\"width: 740px\" class=\"wp-caption alignleft\"><img loading=\"lazy\" decoding=\"async\" class=\"size-full wp-image-683\" src=\"https:\/\/ivanbruna.it\/wp-content\/uploads\/2017\/05\/ivan_bruna-piegatura_fasce.jpg\" alt=\"Phase der Verbiegung der Gitarrenzargen\" width=\"740\" height=\"493\" \/><figcaption id=\"caption-attachment-683\" class=\"wp-caption-text\">Phase der Verbiegung der Gitarrenzargen<\/figcaption><\/figure>\n<p>W\u00e4hrend der Verarbeitung unterziehe ich die Teile der Gitarren dauernden Kontrollen, um die h\u00f6chste  Pr\u00e4zision bzw. Dauerhaftigkeit zu gew\u00e4hren.<\/p>\n<p>Weiterhin \u00fcberpr\u00fcfe ich st\u00e4ndig den relativen Feuchtigkeitsgrad meiner Werkstatt, um die Eigenschaften der H\u00f6lzer unver\u00e4ndert zu erhalten und die Festigkeit des Instruments zu gew\u00e4hrleisten.<\/p>\n<figure id=\"attachment_691\" aria-describedby=\"caption-attachment-691\" style=\"width: 740px\" class=\"wp-caption alignleft\"><img loading=\"lazy\" decoding=\"async\" class=\"size-full wp-image-691\" src=\"https:\/\/ivanbruna.it\/wp-content\/uploads\/2017\/05\/ivan_bruna_cassa-fondo.jpg\" alt=\"Fase di asssemblaggio della cassa armonica\" width=\"740\" height=\"493\" \/><figcaption id=\"caption-attachment-691\" class=\"wp-caption-text\">Fase di asssemblaggio della cassa armonica<\/figcaption><\/figure>\n<p>Nichts wird dem Zufall  \u00fcberlassen, von der Projektierung bis zum Klang.<br \/>\nDie Bautechniken sind die traditionellsten, die von Werkstatt zu Werkstatt, von Hand zu Hand weitergegeben wurden, genau wie &#8222;aus den guten alten Zeiten\u201c.<\/p>\n<p>Auch das Beizen ist nat\u00fcrlich und traditionell: der fein getupfte Gummilack wertet die Holzmaserungen auf und bereichert das Instrument.<\/p>\n","protected":false},"excerpt":{"rendered":"<p>Die Bautechniken sind die traditionellsten, die von Werkstatt zu Werkstatt&#8230;<\/p>\n","protected":false},"author":1,"featured_media":99,"parent":0,"menu_order":0,"comment_status":"closed","ping_status":"closed","template":"","meta":{"spay_email":"","footnotes":""},"_links":{"self":[{"href":"https:\/\/ivanbruna.it\/de\/wp-json\/wp\/v2\/pages\/24"}],"collection":[{"href":"https:\/\/ivanbruna.it\/de\/wp-json\/wp\/v2\/pages"}],"about":[{"href":"https:\/\/ivanbruna.it\/de\/wp-json\/wp\/v2\/types\/page"}],"author":[{"embeddable":true,"href":"https:\/\/ivanbruna.it\/de\/wp-json\/wp\/v2\/users\/1"}],"replies":[{"embeddable":true,"href":"https:\/\/ivanbruna.it\/de\/wp-json\/wp\/v2\/comments?post=24"}],"version-history":[{"count":20,"href":"https:\/\/ivanbruna.it\/de\/wp-json\/wp\/v2\/pages\/24\/revisions"}],"predecessor-version":[{"id":859,"href":"https:\/\/ivanbruna.it\/de\/wp-json\/wp\/v2\/pages\/24\/revisions\/859"}],"wp:featuredmedia":[{"embeddable":true,"href":"https:\/\/ivanbruna.it\/de\/wp-json\/wp\/v2\/media\/99"}],"wp:attachment":[{"href":"https:\/\/ivanbruna.it\/de\/wp-json\/wp\/v2\/media?parent=24"}],"curies":[{"name":"wp","href":"https:\/\/api.w.org\/{rel}","templated":true}]}}