{"id":22,"date":"2016-05-12T16:27:19","date_gmt":"2016-05-12T14:27:19","guid":{"rendered":"http:\/\/ivanbruna.it\/?page_id=22"},"modified":"2021-03-23T18:34:42","modified_gmt":"2021-03-23T17:34:42","slug":"decorazioni","status":"publish","type":"page","link":"https:\/\/ivanbruna.it\/de\/decorazioni\/","title":{"rendered":"Dekors"},"content":{"rendered":"<p>Die Dekors strahlen am besten die Pflege zur\u00fcck, die ich in der Herstellung meiner Gitarren aufwende.<br \/>\nKonsequent spiegeln sie die Einzigartigkeit und  Pr\u00e4zision wider, womit jeder Teil der Gitarre gebaut wird.<\/p>\n<p>Die mosaikverzierten Rosetten, deren Komplexit\u00e4t wohlbekannt ist, werden mit ungef\u00e4rbten H\u00f6lzern pers\u00f6nlich per Hand erzeugt.<\/p>\n<figure id=\"attachment_692\" aria-describedby=\"caption-attachment-692\" style=\"width: 740px\" class=\"wp-caption alignleft\"><img loading=\"lazy\" decoding=\"async\" class=\"size-full wp-image-692\" src=\"https:\/\/ivanbruna.it\/wp-content\/uploads\/2017\/05\/ivan_bruna_costruzione_rosetta.jpg\" alt=\"Phase der Zusammensetzung der Rosette \" width=\"740\" height=\"493\" \/><figcaption id=\"caption-attachment-692\" class=\"wp-caption-text\">Phase der Zusammensetzung der Rosette<\/figcaption><\/figure>\n<p>Die nat\u00fcrlichen Farben der H\u00f6lzer verleihen der Gitarre die typische F\u00e4rbung ihres Rohstoffes.<\/p>\n","protected":false},"excerpt":{"rendered":"<p>(IT) I colori naturali dei legni, infatti, conferiscono alla chitarra il colore tipico della sua materia prima&#8230;<\/p>\n","protected":false},"author":1,"featured_media":595,"parent":0,"menu_order":0,"comment_status":"closed","ping_status":"closed","template":"","meta":{"spay_email":"","footnotes":""},"_links":{"self":[{"href":"https:\/\/ivanbruna.it\/de\/wp-json\/wp\/v2\/pages\/22"}],"collection":[{"href":"https:\/\/ivanbruna.it\/de\/wp-json\/wp\/v2\/pages"}],"about":[{"href":"https:\/\/ivanbruna.it\/de\/wp-json\/wp\/v2\/types\/page"}],"author":[{"embeddable":true,"href":"https:\/\/ivanbruna.it\/de\/wp-json\/wp\/v2\/users\/1"}],"replies":[{"embeddable":true,"href":"https:\/\/ivanbruna.it\/de\/wp-json\/wp\/v2\/comments?post=22"}],"version-history":[{"count":11,"href":"https:\/\/ivanbruna.it\/de\/wp-json\/wp\/v2\/pages\/22\/revisions"}],"predecessor-version":[{"id":857,"href":"https:\/\/ivanbruna.it\/de\/wp-json\/wp\/v2\/pages\/22\/revisions\/857"}],"wp:featuredmedia":[{"embeddable":true,"href":"https:\/\/ivanbruna.it\/de\/wp-json\/wp\/v2\/media\/595"}],"wp:attachment":[{"href":"https:\/\/ivanbruna.it\/de\/wp-json\/wp\/v2\/media?parent=22"}],"curies":[{"name":"wp","href":"https:\/\/api.w.org\/{rel}","templated":true}]}}