{"id":20,"date":"2016-05-12T15:59:31","date_gmt":"2016-05-12T13:59:31","guid":{"rendered":"http:\/\/ivanbruna.it\/?page_id=20"},"modified":"2021-03-23T18:32:42","modified_gmt":"2021-03-23T17:32:42","slug":"chitarre","status":"publish","type":"page","link":"https:\/\/ivanbruna.it\/de\/chitarre\/","title":{"rendered":"Gitarren"},"content":{"rendered":"<p><img loading=\"lazy\" decoding=\"async\" class=\"alignleft size-full wp-image-777\" src=\"https:\/\/ivanbruna.it\/wp-content\/uploads\/2016\/05\/chitarra_360_ivan_bruna.jpg\" alt=\"chitarra 360 Ivan Bruna\" width=\"739\" height=\"336\" \/><\/p>\n<p>Als ich dieses Modell von Gitarre konzipierte, wollte ich den Gitarristen in die Mitte des Projekts stellen. Ich habe mir vorgenommen, einige Problematiken zu l\u00f6sen, die mit dem Spielen der Gitarre verbunden sind, indem dem Gitarristen ein regelrechtes \u201eHandwerkszeug\u201c geboten wird.<\/p>\n<p>Um dem Musiker das Studium, die Forschung der Expressivit\u00e4t und die live Performance zu erleichtern, habe ich eine Gitarre erhalten, die:<\/p>\n<ul>\n<li><a href=\"#Einfachheit\">einfacher<\/a><\/li>\n<li><a href=\"#Zuverl\u00e4ssigkeit\">zuverl\u00e4ssiger<\/a><\/li>\n<li><a href=\"#Vielseitigkeit\">vielseitiger anwendbar ist.<\/a><\/li>\n<\/ul>\n<h2 id=\"#Einfachheit\">Einfachheit<\/h2>\n<p>Die Saiten erscheinen sowohl f\u00fcr die rechte als auch f\u00fcr die linke Hand weicher. Die Struktur des Projektes und die einzigartige Bauweise bieten mehr Handhabbarkeit und weniger Anstrengung.<\/p>\n<p>Die Diskantensaiten weisen in ihrer ganzen L\u00e4nge eine extreme Klangsgleichm\u00e4\u00dfigkeit auf.  Auch in den h\u00f6chsten Tonlagen, gerade wo der Klang oft scharf und instabil wird, bewahren sie ihren Charakter sowie ihre Singbarkeit. Somit erh\u00f6ht sich die Beherrschung des Instruments seitens des Musikers.<\/p>\n<h2 id=\"#Zuverl\u00e4ssigkeit\">Zuverl\u00e4ssigkeit<\/h2>\n<p>Mit diesem Projekt bin ich in der Lage, eine Gitarre anzubieten, die unter tiefen und hohen Saiten \u00e4u\u00dferst balanciert ist.<\/p>\n<p>Dank dem Gef\u00fchl, womit ich die Struktur und den Resonanzboden des Instruments elastisch mache, gelingt es mir weiterhin, ein \u00e4u\u00dferst empfindliches System zwischen Wirkung der Saite und Reaktion des Resonanzbodens zu erhalten. Somit kann der Gitarrist die h\u00f6chste Klangsaufl\u00f6sung sowohl im Piano als auch im Forte erreichen. Dieses System bringt au\u00dferdem einen gef\u00fcgigen und ergreifenden Klang hervor.<\/p>\n<h2 id=\"#Vielseitigkeit\">Vielseitigkeit<\/h2>\n<p>Dank den vollkommenen und frequenzenreicheren T\u00f6nen kann sich der Gitarrist eines umfangreicheren Klangsbereich bedienen.  Auf Grund seiner Anpassungsf\u00e4higkeit an mehrere Stile,  kann der Spieler, auch in hochwertigen Performances, dieses Instrument f\u00fcr ein erweitertes Repertoire verwenden.<\/p>\n","protected":false},"excerpt":{"rendered":"<p>(IT) <cite>La chitarra fa piangere i sogni.<\/cite><br \/>\nFederico Garc\u00eda Lorca<\/p>\n","protected":false},"author":1,"featured_media":594,"parent":0,"menu_order":0,"comment_status":"closed","ping_status":"closed","template":"","meta":{"spay_email":"","footnotes":""},"_links":{"self":[{"href":"https:\/\/ivanbruna.it\/de\/wp-json\/wp\/v2\/pages\/20"}],"collection":[{"href":"https:\/\/ivanbruna.it\/de\/wp-json\/wp\/v2\/pages"}],"about":[{"href":"https:\/\/ivanbruna.it\/de\/wp-json\/wp\/v2\/types\/page"}],"author":[{"embeddable":true,"href":"https:\/\/ivanbruna.it\/de\/wp-json\/wp\/v2\/users\/1"}],"replies":[{"embeddable":true,"href":"https:\/\/ivanbruna.it\/de\/wp-json\/wp\/v2\/comments?post=20"}],"version-history":[{"count":13,"href":"https:\/\/ivanbruna.it\/de\/wp-json\/wp\/v2\/pages\/20\/revisions"}],"predecessor-version":[{"id":855,"href":"https:\/\/ivanbruna.it\/de\/wp-json\/wp\/v2\/pages\/20\/revisions\/855"}],"wp:featuredmedia":[{"embeddable":true,"href":"https:\/\/ivanbruna.it\/de\/wp-json\/wp\/v2\/media\/594"}],"wp:attachment":[{"href":"https:\/\/ivanbruna.it\/de\/wp-json\/wp\/v2\/media?parent=20"}],"curies":[{"name":"wp","href":"https:\/\/api.w.org\/{rel}","templated":true}]}}