{"id":18,"date":"2016-05-12T15:58:52","date_gmt":"2016-05-12T13:58:52","guid":{"rendered":"http:\/\/ivanbruna.it\/?page_id=18"},"modified":"2021-03-23T18:32:16","modified_gmt":"2021-03-23T17:32:16","slug":"chi-sono","status":"publish","type":"page","link":"https:\/\/ivanbruna.it\/de\/chi-sono\/","title":{"rendered":"Wer ich bin"},"content":{"rendered":"<p>Alles hat begonnen, als ich zu verstehen bekam, da\u00df der Beruf meines Lebens so gut wie m\u00f6glich meine Veranlagungen und meine Leidenschaften verk\u00f6rpern sollte.<\/p>\n<p>Ich musste meine Pr\u00e4zision und meinen Sch\u00f6nheitssinn ausdr\u00fccken und beide mit der Leidenschaft f\u00fcr die Musik, f\u00fcr die klassische Gitarre sowie f\u00fcr die Handarbeit vereinen.<\/p>\n<figure id=\"attachment_693\" aria-describedby=\"caption-attachment-693\" style=\"width: 740px\" class=\"wp-caption alignleft\"><img loading=\"lazy\" decoding=\"async\" class=\"size-full wp-image-693\" src=\"https:\/\/ivanbruna.it\/wp-content\/uploads\/2017\/05\/ivan_bruna_tavola_armonica.jpg\" alt=\"Tap toning\" width=\"740\" height=\"493\" \/><figcaption id=\"caption-attachment-693\" class=\"wp-caption-text\">Tap toning<\/figcaption><\/figure>\n<p>Knapp nach Vollendung des zwanzigsten Lebensjahres entschloss ich, mich in der st\u00e4dtischen Schule f\u00fcr Saiteninstrumentenbau von Mailand anzumelden, wo ich meine Laufbahn in der Herstellung von Saiteninstrumenten begonnen habe.<br \/>\nNachdem ich mich im Bau von klassischen Gitarren spezialisiert hatte, absolvierte ich ein Praktikum in der Werkstatt des Meisters Enrico Bottelli.<br \/>\nEine sehr sch\u00f6ne Zeit war es, in der ich die Erfahrungen in der Werkstatt eines gro\u00dfen Meisters vor\u00fcberziehen durfte, genau wie in der besten Tradition.<\/p>\n<p>Eine nutzbringende Zeit konnte ich dort verbringen, wobei ich die Kunst den Klang nachzubilden erlernen konnte, bis ich den Wohlklang erreiche, der mich am besten identifiziert.<\/p>\n","protected":false},"excerpt":{"rendered":"<p>Alles hat begonnen, als ich zu verstehen bekam, da\u00df der Beruf meines Lebens so gut wie m\u00f6glich meine Veranlagungen und meine Leidenschaften verk\u00f6rpern sollte&#8230;<\/p>\n","protected":false},"author":1,"featured_media":596,"parent":0,"menu_order":0,"comment_status":"closed","ping_status":"closed","template":"","meta":{"spay_email":"","footnotes":""},"_links":{"self":[{"href":"https:\/\/ivanbruna.it\/de\/wp-json\/wp\/v2\/pages\/18"}],"collection":[{"href":"https:\/\/ivanbruna.it\/de\/wp-json\/wp\/v2\/pages"}],"about":[{"href":"https:\/\/ivanbruna.it\/de\/wp-json\/wp\/v2\/types\/page"}],"author":[{"embeddable":true,"href":"https:\/\/ivanbruna.it\/de\/wp-json\/wp\/v2\/users\/1"}],"replies":[{"embeddable":true,"href":"https:\/\/ivanbruna.it\/de\/wp-json\/wp\/v2\/comments?post=18"}],"version-history":[{"count":17,"href":"https:\/\/ivanbruna.it\/de\/wp-json\/wp\/v2\/pages\/18\/revisions"}],"predecessor-version":[{"id":854,"href":"https:\/\/ivanbruna.it\/de\/wp-json\/wp\/v2\/pages\/18\/revisions\/854"}],"wp:featuredmedia":[{"embeddable":true,"href":"https:\/\/ivanbruna.it\/de\/wp-json\/wp\/v2\/media\/596"}],"wp:attachment":[{"href":"https:\/\/ivanbruna.it\/de\/wp-json\/wp\/v2\/media?parent=18"}],"curies":[{"name":"wp","href":"https:\/\/api.w.org\/{rel}","templated":true}]}}